{"id":2563,"date":"2024-03-23T15:58:29","date_gmt":"2024-03-23T15:58:29","guid":{"rendered":"https:\/\/www.pascalcaillens.com\/pavageml\/?page_id=2563"},"modified":"2024-04-06T00:24:37","modified_gmt":"2024-04-06T00:24:37","slug":"nos-produits","status":"publish","type":"page","link":"https:\/\/www.armaturefd.com\/fr\/nos-produits\/","title":{"rendered":"Nos produits"},"content":{"rendered":"<div data-elementor-type=\"wp-page\" data-elementor-id=\"2563\" class=\"elementor elementor-2563\">\n\t\t\t\t\t\t<section class=\"elementor-section elementor-top-section elementor-element elementor-element-c84effc elementor-section-boxed elementor-section-height-default elementor-section-height-default\" data-id=\"c84effc\" data-element_type=\"section\" data-e-type=\"section\">\n\t\t\t\t\t\t<div class=\"elementor-container elementor-column-gap-default\">\n\t\t\t\t\t<div class=\"elementor-column elementor-col-33 elementor-top-column elementor-element elementor-element-5d28856\" data-id=\"5d28856\" data-element_type=\"column\" data-e-type=\"column\">\n\t\t\t<div class=\"elementor-widget-wrap elementor-element-populated\">\n\t\t\t\t\t\t<div class=\"elementor-element elementor-element-0d395c2 elementor-widget elementor-widget-image\" data-id=\"0d395c2\" data-element_type=\"widget\" data-e-type=\"widget\" data-widget_type=\"image.default\">\n\t\t\t\t<div class=\"elementor-widget-container\">\n\t\t\t\t\t\t\t\t\t\t\t\t\t\t\t<img fetchpriority=\"high\" decoding=\"async\" width=\"385\" height=\"289\" src=\"https:\/\/www.armaturefd.com\/wp-content\/uploads\/2024\/04\/armaturefd-02.jpg\" class=\"attachment-large size-large wp-image-2704\" alt=\"\" srcset=\"https:\/\/www.armaturefd.com\/wp-content\/uploads\/2024\/04\/armaturefd-02.jpg 385w, https:\/\/www.armaturefd.com\/wp-content\/uploads\/2024\/04\/armaturefd-02-300x225.jpg 300w, https:\/\/www.armaturefd.com\/wp-content\/uploads\/2024\/04\/armaturefd-02-16x12.jpg 16w, https:\/\/www.armaturefd.com\/wp-content\/uploads\/2024\/04\/armaturefd-02-194x146.jpg 194w, https:\/\/www.armaturefd.com\/wp-content\/uploads\/2024\/04\/armaturefd-02-50x38.jpg 50w, https:\/\/www.armaturefd.com\/wp-content\/uploads\/2024\/04\/armaturefd-02-100x75.jpg 100w\" sizes=\"(max-width: 385px) 100vw, 385px\" \/>\t\t\t\t\t\t\t\t\t\t\t\t\t\t\t<\/div>\n\t\t\t\t<\/div>\n\t\t\t\t\t<\/div>\n\t\t<\/div>\n\t\t\t\t<div class=\"elementor-column elementor-col-33 elementor-top-column elementor-element elementor-element-57b0611\" data-id=\"57b0611\" data-element_type=\"column\" data-e-type=\"column\">\n\t\t\t<div class=\"elementor-widget-wrap elementor-element-populated\">\n\t\t\t\t\t\t<div class=\"elementor-element elementor-element-4e3a0d7 elementor-widget elementor-widget-image\" data-id=\"4e3a0d7\" data-element_type=\"widget\" data-e-type=\"widget\" data-widget_type=\"image.default\">\n\t\t\t\t<div class=\"elementor-widget-container\">\n\t\t\t\t\t\t\t\t\t\t\t\t\t\t\t<img decoding=\"async\" width=\"385\" height=\"289\" src=\"https:\/\/www.armaturefd.com\/wp-content\/uploads\/2024\/04\/armaturefd-03.jpg\" class=\"attachment-large size-large wp-image-2705\" alt=\"\" srcset=\"https:\/\/www.armaturefd.com\/wp-content\/uploads\/2024\/04\/armaturefd-03.jpg 385w, https:\/\/www.armaturefd.com\/wp-content\/uploads\/2024\/04\/armaturefd-03-300x225.jpg 300w, https:\/\/www.armaturefd.com\/wp-content\/uploads\/2024\/04\/armaturefd-03-16x12.jpg 16w, https:\/\/www.armaturefd.com\/wp-content\/uploads\/2024\/04\/armaturefd-03-194x146.jpg 194w, https:\/\/www.armaturefd.com\/wp-content\/uploads\/2024\/04\/armaturefd-03-50x38.jpg 50w, https:\/\/www.armaturefd.com\/wp-content\/uploads\/2024\/04\/armaturefd-03-100x75.jpg 100w\" sizes=\"(max-width: 385px) 100vw, 385px\" \/>\t\t\t\t\t\t\t\t\t\t\t\t\t\t\t<\/div>\n\t\t\t\t<\/div>\n\t\t\t\t\t<\/div>\n\t\t<\/div>\n\t\t\t\t<div class=\"elementor-column elementor-col-33 elementor-top-column elementor-element elementor-element-6d19782\" data-id=\"6d19782\" data-element_type=\"column\" data-e-type=\"column\">\n\t\t\t<div class=\"elementor-widget-wrap elementor-element-populated\">\n\t\t\t\t\t\t<div class=\"elementor-element elementor-element-312629d elementor-widget elementor-widget-image\" data-id=\"312629d\" data-element_type=\"widget\" data-e-type=\"widget\" data-widget_type=\"image.default\">\n\t\t\t\t<div class=\"elementor-widget-container\">\n\t\t\t\t\t\t\t\t\t\t\t\t\t\t\t<img decoding=\"async\" width=\"385\" height=\"289\" src=\"https:\/\/www.armaturefd.com\/wp-content\/uploads\/2024\/04\/armaturefd-01.jpg\" class=\"attachment-large size-large wp-image-2703\" alt=\"\" srcset=\"https:\/\/www.armaturefd.com\/wp-content\/uploads\/2024\/04\/armaturefd-01.jpg 385w, https:\/\/www.armaturefd.com\/wp-content\/uploads\/2024\/04\/armaturefd-01-300x225.jpg 300w, https:\/\/www.armaturefd.com\/wp-content\/uploads\/2024\/04\/armaturefd-01-16x12.jpg 16w, https:\/\/www.armaturefd.com\/wp-content\/uploads\/2024\/04\/armaturefd-01-194x146.jpg 194w, https:\/\/www.armaturefd.com\/wp-content\/uploads\/2024\/04\/armaturefd-01-50x38.jpg 50w, https:\/\/www.armaturefd.com\/wp-content\/uploads\/2024\/04\/armaturefd-01-100x75.jpg 100w\" sizes=\"(max-width: 385px) 100vw, 385px\" \/>\t\t\t\t\t\t\t\t\t\t\t\t\t\t\t<\/div>\n\t\t\t\t<\/div>\n\t\t\t\t\t<\/div>\n\t\t<\/div>\n\t\t\t\t\t<\/div>\n\t\t<\/section>\n\t\t\t\t<section class=\"elementor-section elementor-top-section elementor-element elementor-element-46d2bdc elementor-section-boxed elementor-section-height-default elementor-section-height-default\" data-id=\"46d2bdc\" data-element_type=\"section\" data-e-type=\"section\">\n\t\t\t\t\t\t<div class=\"elementor-container elementor-column-gap-default\">\n\t\t\t\t\t<div class=\"elementor-column elementor-col-100 elementor-top-column elementor-element elementor-element-41fca8a\" data-id=\"41fca8a\" data-element_type=\"column\" data-e-type=\"column\">\n\t\t\t<div class=\"elementor-widget-wrap elementor-element-populated\">\n\t\t\t\t\t\t<div class=\"elementor-element elementor-element-9f1dca4 elementor-widget elementor-widget-heading\" data-id=\"9f1dca4\" data-element_type=\"widget\" data-e-type=\"widget\" data-widget_type=\"heading.default\">\n\t\t\t\t<div class=\"elementor-widget-container\">\n\t\t\t\t\t<h2 class=\"elementor-heading-title elementor-size-default\">Gamme compl\u00e8te de barres d\u2019armature en fibre de verre<\/h2>\t\t\t\t<\/div>\n\t\t\t\t<\/div>\n\t\t\t\t\t<\/div>\n\t\t<\/div>\n\t\t\t\t\t<\/div>\n\t\t<\/section>\n\t\t\t\t<section class=\"elementor-section elementor-top-section elementor-element elementor-element-4f52fb8 elementor-section-boxed elementor-section-height-default elementor-section-height-default\" data-id=\"4f52fb8\" data-element_type=\"section\" data-e-type=\"section\">\n\t\t\t\t\t\t<div class=\"elementor-container elementor-column-gap-default\">\n\t\t\t\t\t<div class=\"elementor-column elementor-col-100 elementor-top-column elementor-element elementor-element-4eac2bd\" data-id=\"4eac2bd\" data-element_type=\"column\" data-e-type=\"column\">\n\t\t\t<div class=\"elementor-widget-wrap elementor-element-populated\">\n\t\t\t\t\t\t<div class=\"elementor-element elementor-element-4903704 elementor-widget elementor-widget-text-editor\" data-id=\"4903704\" data-element_type=\"widget\" data-e-type=\"widget\" data-widget_type=\"text-editor.default\">\n\t\t\t\t<div class=\"elementor-widget-container\">\n\t\t\t\t\t\t\t\t\t<p>Les barres de renforcement en composites sont fabriqu\u00e9es au Qu\u00e9bec. Ces barres sont faites \u00e0 base de fibres de verre. Elles sont tr\u00e8s r\u00e9sistantes en traction et elles sont fabriqu\u00e9es \u00e0 base de r\u00e9sine vinylester afin de r\u00e9sister \u00e0 la corrosion. Les fibres induisent les propri\u00e9t\u00e9s de rigidit\u00e9 aux barres tandis que la r\u00e9sine vinylester procure la propri\u00e9t\u00e9 de r\u00e9sistance \u00e0 la corrosion pour des contextes d\u2019utilisation extr\u00eames dans des environnements chimiques ou alcalins.<\/p>\t\t\t\t\t\t\t\t<\/div>\n\t\t\t\t<\/div>\n\t\t\t\t\t<\/div>\n\t\t<\/div>\n\t\t\t\t\t<\/div>\n\t\t<\/section>\n\t\t\t\t<section class=\"elementor-section elementor-top-section elementor-element elementor-element-92a0248 elementor-section-boxed elementor-section-height-default elementor-section-height-default\" data-id=\"92a0248\" data-element_type=\"section\" data-e-type=\"section\">\n\t\t\t\t\t\t<div class=\"elementor-container elementor-column-gap-default\">\n\t\t\t\t\t<div class=\"elementor-column elementor-col-50 elementor-top-column elementor-element elementor-element-6e73848\" data-id=\"6e73848\" data-element_type=\"column\" data-e-type=\"column\">\n\t\t\t<div class=\"elementor-widget-wrap elementor-element-populated\">\n\t\t\t\t\t\t<div class=\"elementor-element elementor-element-bbe55a6 elementor-widget elementor-widget-text-editor\" data-id=\"bbe55a6\" data-element_type=\"widget\" data-e-type=\"widget\" data-widget_type=\"text-editor.default\">\n\t\t\t\t<div class=\"elementor-widget-container\">\n\t\t\t\t\t\t\t\t\t<h3><strong>Les usages :<\/strong><\/h3><ul><li>B\u00c9TON R\u00c9SIDENTIEL OU COMMERCIAL<\/li><li>EMPATTEMENT<\/li><li>COFFRAGE ISOLANT<\/li><li>MURS DE FONDATIONS<\/li><li>DALLES DE B\u00c9TON<\/li><li>TROTTOIRS<\/li><li>BALCONS<\/li><li>AUTRES&#8230;<\/li><\/ul>\t\t\t\t\t\t\t\t<\/div>\n\t\t\t\t<\/div>\n\t\t\t\t\t<\/div>\n\t\t<\/div>\n\t\t\t\t<div class=\"elementor-column elementor-col-50 elementor-top-column elementor-element elementor-element-eab02b1\" data-id=\"eab02b1\" data-element_type=\"column\" data-e-type=\"column\">\n\t\t\t<div class=\"elementor-widget-wrap elementor-element-populated\">\n\t\t\t\t\t\t<div class=\"elementor-element elementor-element-704a31a elementor-widget elementor-widget-image\" data-id=\"704a31a\" data-element_type=\"widget\" data-e-type=\"widget\" data-widget_type=\"image.default\">\n\t\t\t\t<div class=\"elementor-widget-container\">\n\t\t\t\t\t\t\t\t\t\t\t\t\t\t\t<img loading=\"lazy\" decoding=\"async\" width=\"1024\" height=\"768\" src=\"https:\/\/www.armaturefd.com\/wp-content\/uploads\/2024\/04\/IMG_20240405_085337-1024x768.jpg\" class=\"attachment-large size-large wp-image-2772\" alt=\"\" srcset=\"https:\/\/www.armaturefd.com\/wp-content\/uploads\/2024\/04\/IMG_20240405_085337-1024x768.jpg 1024w, https:\/\/www.armaturefd.com\/wp-content\/uploads\/2024\/04\/IMG_20240405_085337-300x225.jpg 300w, https:\/\/www.armaturefd.com\/wp-content\/uploads\/2024\/04\/IMG_20240405_085337-768x576.jpg 768w, https:\/\/www.armaturefd.com\/wp-content\/uploads\/2024\/04\/IMG_20240405_085337-16x12.jpg 16w, https:\/\/www.armaturefd.com\/wp-content\/uploads\/2024\/04\/IMG_20240405_085337-195x146.jpg 195w, https:\/\/www.armaturefd.com\/wp-content\/uploads\/2024\/04\/IMG_20240405_085337-50x38.jpg 50w, https:\/\/www.armaturefd.com\/wp-content\/uploads\/2024\/04\/IMG_20240405_085337-100x75.jpg 100w, https:\/\/www.armaturefd.com\/wp-content\/uploads\/2024\/04\/IMG_20240405_085337.jpg 1029w\" sizes=\"(max-width: 1024px) 100vw, 1024px\" \/>\t\t\t\t\t\t\t\t\t\t\t\t\t\t\t<\/div>\n\t\t\t\t<\/div>\n\t\t\t\t\t<\/div>\n\t\t<\/div>\n\t\t\t\t\t<\/div>\n\t\t<\/section>\n\t\t\t\t<section class=\"elementor-section elementor-top-section elementor-element elementor-element-1fc5030 elementor-section-boxed elementor-section-height-default elementor-section-height-default\" data-id=\"1fc5030\" data-element_type=\"section\" data-e-type=\"section\">\n\t\t\t\t\t\t<div class=\"elementor-container elementor-column-gap-default\">\n\t\t\t\t\t<div class=\"elementor-column elementor-col-33 elementor-top-column elementor-element elementor-element-b1bb50c\" data-id=\"b1bb50c\" data-element_type=\"column\" data-e-type=\"column\">\n\t\t\t<div class=\"elementor-widget-wrap\">\n\t\t\t\t\t\t\t<\/div>\n\t\t<\/div>\n\t\t\t\t<div class=\"elementor-column elementor-col-33 elementor-top-column elementor-element elementor-element-f69b107\" data-id=\"f69b107\" data-element_type=\"column\" data-e-type=\"column\">\n\t\t\t<div class=\"elementor-widget-wrap elementor-element-populated\">\n\t\t\t\t\t\t<div class=\"elementor-element elementor-element-28aa1a2 elementor-widget elementor-widget-button\" data-id=\"28aa1a2\" data-element_type=\"widget\" data-e-type=\"widget\" data-widget_type=\"button.default\">\n\t\t\t\t<div class=\"elementor-widget-container\">\n\t\t\t\t\t\t\t\t\t<div class=\"elementor-button-wrapper\">\n\t\t\t\t\t<a class=\"elementor-button elementor-button-link elementor-size-md\" href=\"https:\/\/www.armaturefd.com\/fr\/nous-contacter\/\">\n\t\t\t\t\t\t<span class=\"elementor-button-content-wrapper\">\n\t\t\t\t\t\t\t\t\t<span class=\"elementor-button-text\">COMMANDER NOS PRODUITS<\/span>\n\t\t\t\t\t<\/span>\n\t\t\t\t\t<\/a>\n\t\t\t\t<\/div>\n\t\t\t\t\t\t\t\t<\/div>\n\t\t\t\t<\/div>\n\t\t\t\t\t<\/div>\n\t\t<\/div>\n\t\t\t\t<div class=\"elementor-column elementor-col-33 elementor-top-column elementor-element elementor-element-43be0f3\" data-id=\"43be0f3\" data-element_type=\"column\" data-e-type=\"column\">\n\t\t\t<div class=\"elementor-widget-wrap\">\n\t\t\t\t\t\t\t<\/div>\n\t\t<\/div>\n\t\t\t\t\t<\/div>\n\t\t<\/section>\n\t\t\t\t<section class=\"elementor-section elementor-top-section elementor-element elementor-element-1a4df19 elementor-section-boxed elementor-section-height-default elementor-section-height-default\" data-id=\"1a4df19\" data-element_type=\"section\" data-e-type=\"section\">\n\t\t\t\t\t\t<div class=\"elementor-container elementor-column-gap-default\">\n\t\t\t\t\t<div class=\"elementor-column elementor-col-100 elementor-top-column elementor-element elementor-element-c808f23\" data-id=\"c808f23\" data-element_type=\"column\" data-e-type=\"column\">\n\t\t\t<div class=\"elementor-widget-wrap elementor-element-populated\">\n\t\t\t\t\t\t<div class=\"elementor-element elementor-element-245dca3 elementor-widget elementor-widget-gallery\" data-id=\"245dca3\" data-element_type=\"widget\" data-e-type=\"widget\" data-settings=\"{&quot;gallery_layout&quot;:&quot;masonry&quot;,&quot;lazyload&quot;:&quot;yes&quot;,&quot;columns&quot;:4,&quot;columns_tablet&quot;:2,&quot;columns_mobile&quot;:1,&quot;gap&quot;:{&quot;unit&quot;:&quot;px&quot;,&quot;size&quot;:10,&quot;sizes&quot;:[]},&quot;gap_tablet&quot;:{&quot;unit&quot;:&quot;px&quot;,&quot;size&quot;:10,&quot;sizes&quot;:[]},&quot;gap_mobile&quot;:{&quot;unit&quot;:&quot;px&quot;,&quot;size&quot;:10,&quot;sizes&quot;:[]},&quot;link_to&quot;:&quot;file&quot;,&quot;overlay_background&quot;:&quot;yes&quot;,&quot;content_hover_animation&quot;:&quot;fade-in&quot;}\" data-widget_type=\"gallery.default\">\n\t\t\t\t<div class=\"elementor-widget-container\">\n\t\t\t\t\t\t\t<div class=\"elementor-gallery__container\">\n\t\t\t\t\t\t\t<a class=\"e-gallery-item elementor-gallery-item elementor-animated-content\" href=\"https:\/\/www.armaturefd.com\/wp-content\/uploads\/2024\/04\/armature-fd-04.jpg\" data-elementor-open-lightbox=\"yes\" data-elementor-lightbox-slideshow=\"all-245dca3\" data-elementor-lightbox-title=\"armature-fd-04\" data-e-action-hash=\"#elementor-action%3Aaction%3Dlightbox%26settings%3DeyJpZCI6Mjc1NSwidXJsIjoiaHR0cHM6XC9cL3d3dy5hcm1hdHVyZWZkLmNvbVwvd3AtY29udGVudFwvdXBsb2Fkc1wvMjAyNFwvMDRcL2FybWF0dXJlLWZkLTA0LmpwZyIsInNsaWRlc2hvdyI6ImFsbC0yNDVkY2EzIn0%3D\">\n\t\t\t\t\t<div class=\"e-gallery-image elementor-gallery-item__image\" data-thumbnail=\"https:\/\/www.armaturefd.com\/wp-content\/uploads\/2024\/04\/armature-fd-04-300x300.jpg\" data-width=\"300\" data-height=\"300\" alt=\"\" ><\/div>\n\t\t\t\t\t\t\t\t\t\t\t<div class=\"elementor-gallery-item__overlay\"><\/div>\n\t\t\t\t\t\t\t\t\t\t\t\t\t\t<\/a>\n\t\t\t\t\t\t\t<a class=\"e-gallery-item elementor-gallery-item elementor-animated-content\" href=\"https:\/\/www.armaturefd.com\/wp-content\/uploads\/2024\/04\/armature-fd-01.jpg\" data-elementor-open-lightbox=\"yes\" data-elementor-lightbox-slideshow=\"all-245dca3\" data-elementor-lightbox-title=\"armature-fd-01\" data-e-action-hash=\"#elementor-action%3Aaction%3Dlightbox%26settings%3DeyJpZCI6MjczNywidXJsIjoiaHR0cHM6XC9cL3d3dy5hcm1hdHVyZWZkLmNvbVwvd3AtY29udGVudFwvdXBsb2Fkc1wvMjAyNFwvMDRcL2FybWF0dXJlLWZkLTAxLmpwZyIsInNsaWRlc2hvdyI6ImFsbC0yNDVkY2EzIn0%3D\">\n\t\t\t\t\t<div class=\"e-gallery-image elementor-gallery-item__image\" data-thumbnail=\"https:\/\/www.armaturefd.com\/wp-content\/uploads\/2024\/04\/armature-fd-01-300x167.jpg\" data-width=\"300\" data-height=\"167\" alt=\"\" ><\/div>\n\t\t\t\t\t\t\t\t\t\t\t<div class=\"elementor-gallery-item__overlay\"><\/div>\n\t\t\t\t\t\t\t\t\t\t\t\t\t\t<\/a>\n\t\t\t\t\t\t\t<a class=\"e-gallery-item elementor-gallery-item elementor-animated-content\" href=\"https:\/\/www.armaturefd.com\/wp-content\/uploads\/2024\/04\/armature-fd-02.png\" data-elementor-open-lightbox=\"yes\" data-elementor-lightbox-slideshow=\"all-245dca3\" data-elementor-lightbox-title=\"armature-fd-02\" data-e-action-hash=\"#elementor-action%3Aaction%3Dlightbox%26settings%3DeyJpZCI6MjczOCwidXJsIjoiaHR0cHM6XC9cL3d3dy5hcm1hdHVyZWZkLmNvbVwvd3AtY29udGVudFwvdXBsb2Fkc1wvMjAyNFwvMDRcL2FybWF0dXJlLWZkLTAyLnBuZyIsInNsaWRlc2hvdyI6ImFsbC0yNDVkY2EzIn0%3D\">\n\t\t\t\t\t<div class=\"e-gallery-image elementor-gallery-item__image\" data-thumbnail=\"https:\/\/www.armaturefd.com\/wp-content\/uploads\/2024\/04\/armature-fd-02-300x300.png\" data-width=\"300\" data-height=\"300\" alt=\"\" ><\/div>\n\t\t\t\t\t\t\t\t\t\t\t<div class=\"elementor-gallery-item__overlay\"><\/div>\n\t\t\t\t\t\t\t\t\t\t\t\t\t\t<\/a>\n\t\t\t\t\t\t\t<a class=\"e-gallery-item elementor-gallery-item elementor-animated-content\" href=\"https:\/\/www.armaturefd.com\/wp-content\/uploads\/2024\/04\/IMG_20240405_085337.jpg\" data-elementor-open-lightbox=\"yes\" data-elementor-lightbox-slideshow=\"all-245dca3\" data-elementor-lightbox-title=\"IMG_20240405_085337\" data-e-action-hash=\"#elementor-action%3Aaction%3Dlightbox%26settings%3DeyJpZCI6Mjc3MiwidXJsIjoiaHR0cHM6XC9cL3d3dy5hcm1hdHVyZWZkLmNvbVwvd3AtY29udGVudFwvdXBsb2Fkc1wvMjAyNFwvMDRcL0lNR18yMDI0MDQwNV8wODUzMzcuanBnIiwic2xpZGVzaG93IjoiYWxsLTI0NWRjYTMifQ%3D%3D\">\n\t\t\t\t\t<div class=\"e-gallery-image elementor-gallery-item__image\" data-thumbnail=\"https:\/\/www.armaturefd.com\/wp-content\/uploads\/2024\/04\/IMG_20240405_085337-300x225.jpg\" data-width=\"300\" data-height=\"225\" alt=\"\" ><\/div>\n\t\t\t\t\t\t\t\t\t\t\t<div class=\"elementor-gallery-item__overlay\"><\/div>\n\t\t\t\t\t\t\t\t\t\t\t\t\t\t<\/a>\n\t\t\t\t\t\t\t<a class=\"e-gallery-item elementor-gallery-item elementor-animated-content\" href=\"https:\/\/www.armaturefd.com\/wp-content\/uploads\/2024\/04\/IMG_20240405_195729.jpg\" data-elementor-open-lightbox=\"yes\" data-elementor-lightbox-slideshow=\"all-245dca3\" data-elementor-lightbox-title=\"IMG_20240405_195729\" data-e-action-hash=\"#elementor-action%3Aaction%3Dlightbox%26settings%3DeyJpZCI6Mjc5MywidXJsIjoiaHR0cHM6XC9cL3d3dy5hcm1hdHVyZWZkLmNvbVwvd3AtY29udGVudFwvdXBsb2Fkc1wvMjAyNFwvMDRcL0lNR18yMDI0MDQwNV8xOTU3MjkuanBnIiwic2xpZGVzaG93IjoiYWxsLTI0NWRjYTMifQ%3D%3D\">\n\t\t\t\t\t<div class=\"e-gallery-image elementor-gallery-item__image\" data-thumbnail=\"https:\/\/www.armaturefd.com\/wp-content\/uploads\/2024\/04\/IMG_20240405_195729-300x131.jpg\" data-width=\"300\" data-height=\"131\" alt=\"\" ><\/div>\n\t\t\t\t\t\t\t\t\t\t\t<div class=\"elementor-gallery-item__overlay\"><\/div>\n\t\t\t\t\t\t\t\t\t\t\t\t\t\t<\/a>\n\t\t\t\t\t<\/div>\n\t\t\t\t\t<\/div>\n\t\t\t\t<\/div>\n\t\t\t\t\t<\/div>\n\t\t<\/div>\n\t\t\t\t\t<\/div>\n\t\t<\/section>\n\t\t\t\t<\/div>","protected":false},"excerpt":{"rendered":"<p>Gamme compl\u00e8te de barres d\u2019armature en fibre de verre Les barres de renforcement en composites sont fabriqu\u00e9es au Qu\u00e9bec. Ces barres sont faites \u00e0 base de<span class=\"excerpt-hellip\"> [\u2026]<\/span><\/p>\n","protected":false},"author":1,"featured_media":0,"parent":0,"menu_order":0,"comment_status":"closed","ping_status":"closed","template":"","meta":{"footnotes":""},"class_list":["post-2563","page","type-page","status-publish","hentry"],"_links":{"self":[{"href":"https:\/\/www.armaturefd.com\/fr\/wp-json\/wp\/v2\/pages\/2563","targetHints":{"allow":["GET"]}}],"collection":[{"href":"https:\/\/www.armaturefd.com\/fr\/wp-json\/wp\/v2\/pages"}],"about":[{"href":"https:\/\/www.armaturefd.com\/fr\/wp-json\/wp\/v2\/types\/page"}],"author":[{"embeddable":true,"href":"https:\/\/www.armaturefd.com\/fr\/wp-json\/wp\/v2\/users\/1"}],"replies":[{"embeddable":true,"href":"https:\/\/www.armaturefd.com\/fr\/wp-json\/wp\/v2\/comments?post=2563"}],"version-history":[{"count":76,"href":"https:\/\/www.armaturefd.com\/fr\/wp-json\/wp\/v2\/pages\/2563\/revisions"}],"predecessor-version":[{"id":2796,"href":"https:\/\/www.armaturefd.com\/fr\/wp-json\/wp\/v2\/pages\/2563\/revisions\/2796"}],"wp:attachment":[{"href":"https:\/\/www.armaturefd.com\/fr\/wp-json\/wp\/v2\/media?parent=2563"}],"curies":[{"name":"wp","href":"https:\/\/api.w.org\/{rel}","templated":true}]}}